{"id":1119,"date":"2018-06-08T20:13:26","date_gmt":"2018-06-08T19:13:26","guid":{"rendered":"https:\/\/skk1926.de\/?page_id=1119"},"modified":"2024-01-04T23:41:32","modified_gmt":"2024-01-04T22:41:32","slug":"1119-2","status":"publish","type":"page","link":"https:\/\/skk1926.de\/","title":{"rendered":""},"content":{"rendered":"\n\n\t<h1>Willkommen beim SKK 1926 Helmbrechts!<\/h1>\n<p><img loading=\"lazy\" decoding=\"async\" src=\"https:\/\/skk1926.de\/wp-content\/uploads\/2019\/08\/IMG_20190810_115204-3-1024x199.jpg\" alt=\"\" width=\"1024\" height=\"199\" \/><\/p>\n\t\r\n<!-- NOTE: If you need to make changes to this file, copy it to your current theme's main\r\n\tdirectory so your changes won't be overwritten when the plugin is upgraded. -->\r\n\r\n<!-- Post Wrap Start-->\r\n<div class=\"post hentry ivycat-post\">\r\n\r\n\t<!-- \tThis outputs the post TITLE -->\r\n\t<h2 class=\"entry-title\"><a href=\"https:\/\/skk1926.de\/?p=5058\">100 Jahre SKK 1926 Helmbrechts<\/a><\/h2>\r\n\r\n\t<!-- \tThis outputs the post EXCERPT.  To display full content including images and html,\r\n\t\treplace the_excerpt(); with the_content();  below. -->\r\n\t<div class=\"entry-summary\">\r\n\t\t<a href=\"https:\/\/skk1926.de\/wp-content\/uploads\/2026\/01\/logo_100yrs.png\"><img loading=\"lazy\" decoding=\"async\" class=\"size-full wp-image-5059 alignright\" src=\"https:\/\/skk1926.de\/wp-content\/uploads\/2026\/01\/logo_100yrs.png\" alt=\"\" width=\"1472\" height=\"1294\" srcset=\"https:\/\/skk1926.de\/wp-content\/uploads\/2026\/01\/logo_100yrs.png 1472w, https:\/\/skk1926.de\/wp-content\/uploads\/2026\/01\/logo_100yrs-300x264.png 300w, https:\/\/skk1926.de\/wp-content\/uploads\/2026\/01\/logo_100yrs-1024x900.png 1024w, https:\/\/skk1926.de\/wp-content\/uploads\/2026\/01\/logo_100yrs-768x675.png 768w\" sizes=\"auto, (max-width: 1472px) 100vw, 1472px\" \/><\/a>\r\n\r\nDas Jahr 2026 ist f\u00fcr unseren Klub ein ganz besonderes Jahr:\r\nWir feiern 100 Jahre SKK 1926 Helmbrechts.\r\n\r\nSeit der Gr\u00fcndung am 23. September 1926 durch einige engagierte Helmbrechtser steht unser Klub f\u00fcr Geselligkeit, sportlichen Ehrgeiz und kameradschaftlichen Zusammenhalt. Was als Zusammenschluss von Kegelfreunden auf der damaligen Kegelbahn im Helmbrechtser Sch\u00fctzenhaus begann, entwickelte sich \u00fcber Generationen hinweg zu einem festen Bestandteil des sportlichen Lebens unserer Stadt.\r\n\r\nTrotz schwieriger Zeiten &#8211; von den Kriegsjahren bis zu sportlichen R\u00fcckschl\u00e4gen &#8211; wurde unser Klub immer wieder mit gro\u00dfem Idealismus und Ausdauer neu aufgebaut.\r\n\r\nMit dem Bau der vereinseigenen Kegelbahnanlage und den sportlichen Erfolgen bis in die Landes- und Bundesliga entwickelte sich der SKK 1926 Helmbrechts vom reinen Gesellschaftskegeln hin zum leistungsorientierten Sportkegeln. Erfolgreiche Damen- und Herrenmannschaften sowie eine engagierte Nachwuchsf\u00f6rderung pr\u00e4gen dabei bis heute das Klubleben, ohne dabei den Gemeinschaftsgedanken zu verlieren.\r\n\r\nDieses Jubil\u00e4um ist Anlass, allen zu danken, die unseren Klub \u00fcber Generationen hinweg begleitet und unterst\u00fctzt haben &#8211; den aktiven und ehemaligen Mitgliedern ebenso wie unseren Sponsoren, F\u00f6rderern und Freunden des Klubs.\r\n\r\nWir freuen uns darauf, dieses besondere Jahr mit euch zu feiern.\r\n\r\n100 Jahre SKK 1926 Helmbrechts &#8211; Tradition, Gemeinschaft und Sport.\t<\/div>\r\n<\/div>\r\n<!-- \/\/ Post Wrap End -->\n\n","protected":false},"excerpt":{"rendered":"<div class=\"mh-excerpt\">\n<div class=\"mh-excerpt\">Das Jahr 2026 ist f\u00fcr unseren Klub ein ganz besonderes Jahr: Wir feiern 100 Jahre SKK 1926 Helmbrechts. Seit der Gr\u00fcndung am 23. September 1926 durch einige engagierte Helmbrechtser steht <a class=\"mh-excerpt-more\" href=\"https:\/\/skk1926.de\/?p=5058\" title=\"100 Jahre SKK 1926 Helmbrechts\">[Weiterlesen&#8230;]<\/a><\/div>\n<\/div>\n","protected":false},"author":1,"featured_media":0,"parent":0,"menu_order":0,"comment_status":"closed","ping_status":"closed","template":"template-full.php","meta":{"footnotes":""},"class_list":["post-1119","page","type-page","status-publish","hentry"],"yoast_head":"<!-- This site is optimized with the Yoast SEO plugin v20.4 - https:\/\/yoast.com\/wordpress\/plugins\/seo\/ -->\n<title>SKK 1926 Helmbrechts<\/title>\n<meta name=\"description\" content=\"Herzlich Willkommen bei den 26ern, einem Sportkegelklub des SKV Helmbrechts.\" \/>\n<meta name=\"robots\" content=\"index, follow, max-snippet:-1, max-image-preview:large, max-video-preview:-1\" \/>\n<link rel=\"canonical\" href=\"https:\/\/skk1926.de\/\" \/>\n<meta property=\"og:locale\" content=\"de_DE\" \/>\n<meta property=\"og:type\" content=\"article\" \/>\n<meta property=\"og:title\" content=\"SKK 1926 Helmbrechts\" \/>\n<meta property=\"og:description\" content=\"Herzlich Willkommen bei den 26ern, einem Sportkegelklub des SKV Helmbrechts.\" \/>\n<meta property=\"og:url\" content=\"https:\/\/skk1926.de\/\" \/>\n<meta property=\"og:site_name\" content=\"SKK 1926 Helmbrechts\" \/>\n<meta property=\"article:modified_time\" content=\"2024-01-04T22:41:32+00:00\" \/>\n<meta property=\"og:image\" content=\"https:\/\/skk1926.de\/wp-content\/uploads\/2019\/08\/IMG_20190810_115204-3-1024x199.jpg\" \/>\n<meta name=\"twitter:card\" content=\"summary_large_image\" \/>\n<meta name=\"twitter:label1\" content=\"Gesch\u00e4tzte Lesezeit\" \/>\n\t<meta name=\"twitter:data1\" content=\"1\u00a0Minute\" \/>\n<script type=\"application\/ld+json\" class=\"yoast-schema-graph\">{\"@context\":\"https:\/\/schema.org\",\"@graph\":[{\"@type\":\"WebPage\",\"@id\":\"https:\/\/skk1926.de\/\",\"url\":\"https:\/\/skk1926.de\/\",\"name\":\"SKK 1926 Helmbrechts\",\"isPartOf\":{\"@id\":\"https:\/\/skk1926.de\/#website\"},\"datePublished\":\"2018-06-08T19:13:26+00:00\",\"dateModified\":\"2024-01-04T22:41:32+00:00\",\"description\":\"Herzlich Willkommen bei den 26ern, einem Sportkegelklub des SKV Helmbrechts.\",\"inLanguage\":\"de\",\"potentialAction\":[{\"@type\":\"ReadAction\",\"target\":[\"https:\/\/skk1926.de\/\"]}]},{\"@type\":\"WebSite\",\"@id\":\"https:\/\/skk1926.de\/#website\",\"url\":\"https:\/\/skk1926.de\/\",\"name\":\"SKK 1926 Helmbrechts\",\"description\":\"\",\"publisher\":{\"@id\":\"https:\/\/skk1926.de\/#organization\"},\"potentialAction\":[{\"@type\":\"SearchAction\",\"target\":{\"@type\":\"EntryPoint\",\"urlTemplate\":\"https:\/\/skk1926.de\/?s={search_term_string}\"},\"query-input\":\"required name=search_term_string\"}],\"inLanguage\":\"de\"},{\"@type\":\"Organization\",\"@id\":\"https:\/\/skk1926.de\/#organization\",\"name\":\"SKK 1926 Helmbrechts\",\"url\":\"https:\/\/skk1926.de\/\",\"logo\":{\"@type\":\"ImageObject\",\"inLanguage\":\"de\",\"@id\":\"https:\/\/skk1926.de\/#\/schema\/logo\/image\/\",\"url\":\"https:\/\/skk1926.de\/wp-content\/uploads\/2026\/01\/cropped-header_100yrs.png\",\"contentUrl\":\"https:\/\/skk1926.de\/wp-content\/uploads\/2026\/01\/cropped-header_100yrs.png\",\"width\":1080,\"height\":175,\"caption\":\"SKK 1926 Helmbrechts\"},\"image\":{\"@id\":\"https:\/\/skk1926.de\/#\/schema\/logo\/image\/\"}}]}<\/script>\n<!-- \/ Yoast SEO plugin. -->","yoast_head_json":{"title":"SKK 1926 Helmbrechts","description":"Herzlich Willkommen bei den 26ern, einem Sportkegelklub des SKV Helmbrechts.","robots":{"index":"index","follow":"follow","max-snippet":"max-snippet:-1","max-image-preview":"max-image-preview:large","max-video-preview":"max-video-preview:-1"},"canonical":"https:\/\/skk1926.de\/","og_locale":"de_DE","og_type":"article","og_title":"SKK 1926 Helmbrechts","og_description":"Herzlich Willkommen bei den 26ern, einem Sportkegelklub des SKV Helmbrechts.","og_url":"https:\/\/skk1926.de\/","og_site_name":"SKK 1926 Helmbrechts","article_modified_time":"2024-01-04T22:41:32+00:00","og_image":[{"url":"https:\/\/skk1926.de\/wp-content\/uploads\/2019\/08\/IMG_20190810_115204-3-1024x199.jpg"}],"twitter_card":"summary_large_image","twitter_misc":{"Gesch\u00e4tzte Lesezeit":"1\u00a0Minute"},"schema":{"@context":"https:\/\/schema.org","@graph":[{"@type":"WebPage","@id":"https:\/\/skk1926.de\/","url":"https:\/\/skk1926.de\/","name":"SKK 1926 Helmbrechts","isPartOf":{"@id":"https:\/\/skk1926.de\/#website"},"datePublished":"2018-06-08T19:13:26+00:00","dateModified":"2024-01-04T22:41:32+00:00","description":"Herzlich Willkommen bei den 26ern, einem Sportkegelklub des SKV Helmbrechts.","inLanguage":"de","potentialAction":[{"@type":"ReadAction","target":["https:\/\/skk1926.de\/"]}]},{"@type":"WebSite","@id":"https:\/\/skk1926.de\/#website","url":"https:\/\/skk1926.de\/","name":"SKK 1926 Helmbrechts","description":"","publisher":{"@id":"https:\/\/skk1926.de\/#organization"},"potentialAction":[{"@type":"SearchAction","target":{"@type":"EntryPoint","urlTemplate":"https:\/\/skk1926.de\/?s={search_term_string}"},"query-input":"required name=search_term_string"}],"inLanguage":"de"},{"@type":"Organization","@id":"https:\/\/skk1926.de\/#organization","name":"SKK 1926 Helmbrechts","url":"https:\/\/skk1926.de\/","logo":{"@type":"ImageObject","inLanguage":"de","@id":"https:\/\/skk1926.de\/#\/schema\/logo\/image\/","url":"https:\/\/skk1926.de\/wp-content\/uploads\/2026\/01\/cropped-header_100yrs.png","contentUrl":"https:\/\/skk1926.de\/wp-content\/uploads\/2026\/01\/cropped-header_100yrs.png","width":1080,"height":175,"caption":"SKK 1926 Helmbrechts"},"image":{"@id":"https:\/\/skk1926.de\/#\/schema\/logo\/image\/"}}]}},"_links":{"self":[{"href":"https:\/\/skk1926.de\/index.php?rest_route=\/wp\/v2\/pages\/1119","targetHints":{"allow":["GET"]}}],"collection":[{"href":"https:\/\/skk1926.de\/index.php?rest_route=\/wp\/v2\/pages"}],"about":[{"href":"https:\/\/skk1926.de\/index.php?rest_route=\/wp\/v2\/types\/page"}],"author":[{"embeddable":true,"href":"https:\/\/skk1926.de\/index.php?rest_route=\/wp\/v2\/users\/1"}],"replies":[{"embeddable":true,"href":"https:\/\/skk1926.de\/index.php?rest_route=%2Fwp%2Fv2%2Fcomments&post=1119"}],"version-history":[{"count":92,"href":"https:\/\/skk1926.de\/index.php?rest_route=\/wp\/v2\/pages\/1119\/revisions"}],"predecessor-version":[{"id":4095,"href":"https:\/\/skk1926.de\/index.php?rest_route=\/wp\/v2\/pages\/1119\/revisions\/4095"}],"wp:attachment":[{"href":"https:\/\/skk1926.de\/index.php?rest_route=%2Fwp%2Fv2%2Fmedia&parent=1119"}],"curies":[{"name":"wp","href":"https:\/\/api.w.org\/{rel}","templated":true}]}}