{"id":118,"date":"2016-08-03T00:00:51","date_gmt":"2016-08-02T22:00:51","guid":{"rendered":"http:\/\/188.68.59.5\/wordpress\/?page_id=118"},"modified":"2017-08-01T19:48:25","modified_gmt":"2017-08-01T18:48:25","slug":"118-2","status":"publish","type":"page","link":"https:\/\/skk1926.de\/?page_id=118","title":{"rendered":"Kegelbahn"},"content":{"rendered":"<p>Der SKK 1926 Helmbrechts kegelt als Mitgliedsklub des Sportkeglervereins Helmbrechts auf Funk-Kegelbahnen vom Typ &#8222;Trend 2000&#8220;:<\/p>\n<table>\n<tbody>\n<tr>\n<td><a href=\"https:\/\/skk1926.de\/wp-content\/uploads\/2016\/08\/kegelbahn2.jpg\"><img loading=\"lazy\" decoding=\"async\" class=\"alignnone size-medium wp-image-116\" src=\"https:\/\/skk1926.de\/wp-content\/uploads\/2016\/08\/kegelbahn2-300x225.jpg\" alt=\"\" width=\"300\" height=\"225\" srcset=\"https:\/\/skk1926.de\/wp-content\/uploads\/2016\/08\/kegelbahn2-300x225.jpg 300w, https:\/\/skk1926.de\/wp-content\/uploads\/2016\/08\/kegelbahn2-768x576.jpg 768w, https:\/\/skk1926.de\/wp-content\/uploads\/2016\/08\/kegelbahn2.jpg 1024w\" sizes=\"auto, (max-width: 300px) 100vw, 300px\" \/><\/a><\/td>\n<td><a href=\"https:\/\/skk1926.de\/wp-content\/uploads\/2016\/08\/Kegelbahn17.jpg\"><img loading=\"lazy\" decoding=\"async\" class=\"alignnone size-medium wp-image-596\" src=\"https:\/\/skk1926.de\/wp-content\/uploads\/2016\/08\/Kegelbahn17-300x201.jpg\" alt=\"\" width=\"300\" height=\"201\" \/><\/a><\/td>\n<\/tr>\n<\/tbody>\n<\/table>\n<p>Die Bahnen wurden in der Sommerpause zur Saison 2009\/2010 komplett neu renoviert. Einzig die Stellautomaten und Bahnanzeige blieben erhalten. Auf die bestehende &#8222;schwimmende&#8220; Holzunterkonstruktion wurden nun Plattenbahnen montiert. Die Vorstandschaft des Vereins beschloss, dass der Zuschauerraum ebenfalls modernisiert wird. Durch viel pers\u00f6nliches Engagement der ehrenamtlichen Helfer haben wir wieder eine sch\u00f6ne moderne Kegelbahnanlage. Hierzu nochmals ein HERZLICHES DANKESCH\u00d6N allen die dazu beigetragen haben. Auf den Bildern unten ist die Bahn in der Entstehungsphase zu sehen.<\/p>\n<p>&nbsp;<\/p>\n<table class=\" alignleft\">\n<tbody>\n<tr>\n<td><a href=\"https:\/\/skk1926.de\/wp-content\/uploads\/2016\/08\/kegelbahn12.jpg\"><img loading=\"lazy\" decoding=\"async\" class=\"alignnone size-thumbnail wp-image-132\" src=\"https:\/\/skk1926.de\/wp-content\/uploads\/2016\/08\/kegelbahn12-150x150.jpg\" alt=\"\" width=\"150\" height=\"150\" srcset=\"https:\/\/skk1926.de\/wp-content\/uploads\/2016\/08\/kegelbahn12-150x150.jpg 150w, https:\/\/skk1926.de\/wp-content\/uploads\/2016\/08\/kegelbahn12-50x50.jpg 50w\" sizes=\"auto, (max-width: 150px) 100vw, 150px\" \/><\/a><\/td>\n<td><a href=\"https:\/\/skk1926.de\/wp-content\/uploads\/2016\/08\/kegelbahn11.jpg\"><img loading=\"lazy\" decoding=\"async\" class=\"alignnone size-thumbnail wp-image-131\" src=\"https:\/\/skk1926.de\/wp-content\/uploads\/2016\/08\/kegelbahn11-150x150.jpg\" alt=\"\" width=\"150\" height=\"150\" srcset=\"https:\/\/skk1926.de\/wp-content\/uploads\/2016\/08\/kegelbahn11-150x150.jpg 150w, https:\/\/skk1926.de\/wp-content\/uploads\/2016\/08\/kegelbahn11-50x50.jpg 50w\" sizes=\"auto, (max-width: 150px) 100vw, 150px\" \/><\/a><\/td>\n<td><a href=\"https:\/\/skk1926.de\/wp-content\/uploads\/2016\/08\/kegelbahn10.jpg\"><img loading=\"lazy\" decoding=\"async\" class=\"alignnone size-thumbnail wp-image-130\" src=\"https:\/\/skk1926.de\/wp-content\/uploads\/2016\/08\/kegelbahn10-150x150.jpg\" alt=\"\" width=\"150\" height=\"150\" srcset=\"https:\/\/skk1926.de\/wp-content\/uploads\/2016\/08\/kegelbahn10-150x150.jpg 150w, https:\/\/skk1926.de\/wp-content\/uploads\/2016\/08\/kegelbahn10-50x50.jpg 50w\" sizes=\"auto, (max-width: 150px) 100vw, 150px\" \/><\/a><\/td>\n<td><a href=\"https:\/\/skk1926.de\/wp-content\/uploads\/2016\/08\/kegelbahn9.jpg\"><img loading=\"lazy\" decoding=\"async\" class=\"alignnone size-thumbnail wp-image-129\" src=\"https:\/\/skk1926.de\/wp-content\/uploads\/2016\/08\/kegelbahn9-150x150.jpg\" alt=\"\" width=\"150\" height=\"150\" srcset=\"https:\/\/skk1926.de\/wp-content\/uploads\/2016\/08\/kegelbahn9-150x150.jpg 150w, https:\/\/skk1926.de\/wp-content\/uploads\/2016\/08\/kegelbahn9-50x50.jpg 50w\" sizes=\"auto, (max-width: 150px) 100vw, 150px\" \/><\/a><\/td>\n<td><a href=\"https:\/\/skk1926.de\/wp-content\/uploads\/2016\/08\/kegelbahn8.jpg\"><img loading=\"lazy\" decoding=\"async\" class=\"alignnone size-thumbnail wp-image-128\" src=\"https:\/\/skk1926.de\/wp-content\/uploads\/2016\/08\/kegelbahn8-150x150.jpg\" alt=\"\" width=\"150\" height=\"150\" srcset=\"https:\/\/skk1926.de\/wp-content\/uploads\/2016\/08\/kegelbahn8-150x150.jpg 150w, https:\/\/skk1926.de\/wp-content\/uploads\/2016\/08\/kegelbahn8-50x50.jpg 50w\" sizes=\"auto, (max-width: 150px) 100vw, 150px\" \/><\/a><\/td>\n<\/tr>\n<tr>\n<td><a href=\"https:\/\/skk1926.de\/wp-content\/uploads\/2016\/08\/kegelbahn7.jpg\"><img loading=\"lazy\" decoding=\"async\" class=\"alignnone size-thumbnail wp-image-127\" src=\"https:\/\/skk1926.de\/wp-content\/uploads\/2016\/08\/kegelbahn7-150x150.jpg\" alt=\"\" width=\"150\" height=\"150\" srcset=\"https:\/\/skk1926.de\/wp-content\/uploads\/2016\/08\/kegelbahn7-150x150.jpg 150w, https:\/\/skk1926.de\/wp-content\/uploads\/2016\/08\/kegelbahn7-50x50.jpg 50w\" sizes=\"auto, (max-width: 150px) 100vw, 150px\" \/><\/a><\/td>\n<td><a href=\"https:\/\/skk1926.de\/wp-content\/uploads\/2016\/08\/kegelbahn6.jpg\"><img loading=\"lazy\" decoding=\"async\" class=\"alignnone size-thumbnail wp-image-126\" src=\"https:\/\/skk1926.de\/wp-content\/uploads\/2016\/08\/kegelbahn6-150x150.jpg\" alt=\"\" width=\"150\" height=\"150\" srcset=\"https:\/\/skk1926.de\/wp-content\/uploads\/2016\/08\/kegelbahn6-150x150.jpg 150w, https:\/\/skk1926.de\/wp-content\/uploads\/2016\/08\/kegelbahn6-50x50.jpg 50w\" sizes=\"auto, (max-width: 150px) 100vw, 150px\" \/><\/a><\/td>\n<td><a href=\"https:\/\/skk1926.de\/wp-content\/uploads\/2016\/08\/kegelbahn5.jpg\"><img loading=\"lazy\" decoding=\"async\" class=\"alignnone size-thumbnail wp-image-125\" src=\"https:\/\/skk1926.de\/wp-content\/uploads\/2016\/08\/kegelbahn5-150x150.jpg\" alt=\"\" width=\"150\" height=\"150\" srcset=\"https:\/\/skk1926.de\/wp-content\/uploads\/2016\/08\/kegelbahn5-150x150.jpg 150w, https:\/\/skk1926.de\/wp-content\/uploads\/2016\/08\/kegelbahn5-50x50.jpg 50w\" sizes=\"auto, (max-width: 150px) 100vw, 150px\" \/><\/a><\/td>\n<td><a href=\"https:\/\/skk1926.de\/wp-content\/uploads\/2016\/08\/kegelbahn4.jpg\"><img loading=\"lazy\" decoding=\"async\" class=\"alignnone size-thumbnail wp-image-124\" src=\"https:\/\/skk1926.de\/wp-content\/uploads\/2016\/08\/kegelbahn4-150x150.jpg\" alt=\"\" width=\"150\" height=\"150\" srcset=\"https:\/\/skk1926.de\/wp-content\/uploads\/2016\/08\/kegelbahn4-150x150.jpg 150w, https:\/\/skk1926.de\/wp-content\/uploads\/2016\/08\/kegelbahn4-50x50.jpg 50w\" sizes=\"auto, (max-width: 150px) 100vw, 150px\" \/><\/a><\/td>\n<td><a href=\"https:\/\/skk1926.de\/wp-content\/uploads\/2016\/08\/kegelbahn3.jpg\"><img loading=\"lazy\" decoding=\"async\" class=\"alignnone size-thumbnail wp-image-123\" src=\"https:\/\/skk1926.de\/wp-content\/uploads\/2016\/08\/kegelbahn3-150x150.jpg\" alt=\"\" width=\"150\" height=\"150\" srcset=\"https:\/\/skk1926.de\/wp-content\/uploads\/2016\/08\/kegelbahn3-150x150.jpg 150w, https:\/\/skk1926.de\/wp-content\/uploads\/2016\/08\/kegelbahn3-50x50.jpg 50w\" sizes=\"auto, (max-width: 150px) 100vw, 150px\" \/><\/a><\/td>\n<\/tr>\n<\/tbody>\n<\/table>\n<p>&nbsp;<\/p>\n","protected":false},"excerpt":{"rendered":"<div class=\"mh-excerpt\">\n<div class=\"mh-excerpt\">Der SKK 1926 Helmbrechts kegelt als Mitgliedsklub des Sportkeglervereins Helmbrechts auf Funk-Kegelbahnen vom Typ &#8222;Trend 2000&#8220;: Die Bahnen wurden in der Sommerpause zur Saison 2009\/2010 komplett neu renoviert. Einzig die <a class=\"mh-excerpt-more\" href=\"https:\/\/skk1926.de\/?page_id=118\" title=\"Kegelbahn\">[Weiterlesen&#8230;]<\/a><\/div>\n<\/div>\n","protected":false},"author":1,"featured_media":0,"parent":106,"menu_order":0,"comment_status":"closed","ping_status":"closed","template":"","meta":{"footnotes":""},"class_list":["post-118","page","type-page","status-publish","hentry"],"yoast_head":"<!-- This site is optimized with the Yoast SEO plugin v20.4 - https:\/\/yoast.com\/wordpress\/plugins\/seo\/ -->\n<title>Kegelbahn - SKK 1926 Helmbrechts<\/title>\n<meta name=\"robots\" content=\"index, follow, max-snippet:-1, max-image-preview:large, max-video-preview:-1\" \/>\n<link rel=\"canonical\" href=\"https:\/\/skk1926.de\/?page_id=118\" \/>\n<meta property=\"og:locale\" content=\"de_DE\" \/>\n<meta property=\"og:type\" content=\"article\" \/>\n<meta property=\"og:title\" content=\"Kegelbahn - SKK 1926 Helmbrechts\" \/>\n<meta property=\"og:description\" content=\"Der SKK 1926 Helmbrechts kegelt als Mitgliedsklub des Sportkeglervereins Helmbrechts auf Funk-Kegelbahnen vom Typ &#8222;Trend 2000&#8220;: Die Bahnen wurden in der Sommerpause zur Saison 2009\/2010 komplett neu renoviert. Einzig die [Weiterlesen...]\" \/>\n<meta property=\"og:url\" content=\"https:\/\/skk1926.de\/?page_id=118\" \/>\n<meta property=\"og:site_name\" content=\"SKK 1926 Helmbrechts\" \/>\n<meta property=\"article:modified_time\" content=\"2017-08-01T18:48:25+00:00\" \/>\n<meta property=\"og:image\" content=\"https:\/\/skk1926.de\/wp-content\/uploads\/2016\/08\/kegelbahn2-300x225.jpg\" \/>\n<meta name=\"twitter:card\" content=\"summary_large_image\" \/>\n<script type=\"application\/ld+json\" class=\"yoast-schema-graph\">{\"@context\":\"https:\/\/schema.org\",\"@graph\":[{\"@type\":\"WebPage\",\"@id\":\"https:\/\/skk1926.de\/?page_id=118\",\"url\":\"https:\/\/skk1926.de\/?page_id=118\",\"name\":\"Kegelbahn - SKK 1926 Helmbrechts\",\"isPartOf\":{\"@id\":\"https:\/\/skk1926.de\/#website\"},\"datePublished\":\"2016-08-02T22:00:51+00:00\",\"dateModified\":\"2017-08-01T18:48:25+00:00\",\"breadcrumb\":{\"@id\":\"https:\/\/skk1926.de\/?page_id=118#breadcrumb\"},\"inLanguage\":\"de\",\"potentialAction\":[{\"@type\":\"ReadAction\",\"target\":[\"https:\/\/skk1926.de\/?page_id=118\"]}]},{\"@type\":\"BreadcrumbList\",\"@id\":\"https:\/\/skk1926.de\/?page_id=118#breadcrumb\",\"itemListElement\":[{\"@type\":\"ListItem\",\"position\":1,\"name\":\"Startseite\",\"item\":\"https:\/\/skk1926.de\/\"},{\"@type\":\"ListItem\",\"position\":2,\"name\":\"\u00dcber uns\",\"item\":\"https:\/\/skk1926.de\/?page_id=106\"},{\"@type\":\"ListItem\",\"position\":3,\"name\":\"Kegelbahn\"}]},{\"@type\":\"WebSite\",\"@id\":\"https:\/\/skk1926.de\/#website\",\"url\":\"https:\/\/skk1926.de\/\",\"name\":\"SKK 1926 Helmbrechts\",\"description\":\"\",\"publisher\":{\"@id\":\"https:\/\/skk1926.de\/#organization\"},\"potentialAction\":[{\"@type\":\"SearchAction\",\"target\":{\"@type\":\"EntryPoint\",\"urlTemplate\":\"https:\/\/skk1926.de\/?s={search_term_string}\"},\"query-input\":\"required name=search_term_string\"}],\"inLanguage\":\"de\"},{\"@type\":\"Organization\",\"@id\":\"https:\/\/skk1926.de\/#organization\",\"name\":\"SKK 1926 Helmbrechts\",\"url\":\"https:\/\/skk1926.de\/\",\"logo\":{\"@type\":\"ImageObject\",\"inLanguage\":\"de\",\"@id\":\"https:\/\/skk1926.de\/#\/schema\/logo\/image\/\",\"url\":\"https:\/\/skk1926.de\/wp-content\/uploads\/2026\/01\/cropped-header_100yrs.png\",\"contentUrl\":\"https:\/\/skk1926.de\/wp-content\/uploads\/2026\/01\/cropped-header_100yrs.png\",\"width\":1080,\"height\":175,\"caption\":\"SKK 1926 Helmbrechts\"},\"image\":{\"@id\":\"https:\/\/skk1926.de\/#\/schema\/logo\/image\/\"}}]}<\/script>\n<!-- \/ Yoast SEO plugin. -->","yoast_head_json":{"title":"Kegelbahn - SKK 1926 Helmbrechts","robots":{"index":"index","follow":"follow","max-snippet":"max-snippet:-1","max-image-preview":"max-image-preview:large","max-video-preview":"max-video-preview:-1"},"canonical":"https:\/\/skk1926.de\/?page_id=118","og_locale":"de_DE","og_type":"article","og_title":"Kegelbahn - SKK 1926 Helmbrechts","og_description":"Der SKK 1926 Helmbrechts kegelt als Mitgliedsklub des Sportkeglervereins Helmbrechts auf Funk-Kegelbahnen vom Typ &#8222;Trend 2000&#8220;: Die Bahnen wurden in der Sommerpause zur Saison 2009\/2010 komplett neu renoviert. Einzig die [Weiterlesen...]","og_url":"https:\/\/skk1926.de\/?page_id=118","og_site_name":"SKK 1926 Helmbrechts","article_modified_time":"2017-08-01T18:48:25+00:00","og_image":[{"url":"https:\/\/skk1926.de\/wp-content\/uploads\/2016\/08\/kegelbahn2-300x225.jpg"}],"twitter_card":"summary_large_image","schema":{"@context":"https:\/\/schema.org","@graph":[{"@type":"WebPage","@id":"https:\/\/skk1926.de\/?page_id=118","url":"https:\/\/skk1926.de\/?page_id=118","name":"Kegelbahn - SKK 1926 Helmbrechts","isPartOf":{"@id":"https:\/\/skk1926.de\/#website"},"datePublished":"2016-08-02T22:00:51+00:00","dateModified":"2017-08-01T18:48:25+00:00","breadcrumb":{"@id":"https:\/\/skk1926.de\/?page_id=118#breadcrumb"},"inLanguage":"de","potentialAction":[{"@type":"ReadAction","target":["https:\/\/skk1926.de\/?page_id=118"]}]},{"@type":"BreadcrumbList","@id":"https:\/\/skk1926.de\/?page_id=118#breadcrumb","itemListElement":[{"@type":"ListItem","position":1,"name":"Startseite","item":"https:\/\/skk1926.de\/"},{"@type":"ListItem","position":2,"name":"\u00dcber uns","item":"https:\/\/skk1926.de\/?page_id=106"},{"@type":"ListItem","position":3,"name":"Kegelbahn"}]},{"@type":"WebSite","@id":"https:\/\/skk1926.de\/#website","url":"https:\/\/skk1926.de\/","name":"SKK 1926 Helmbrechts","description":"","publisher":{"@id":"https:\/\/skk1926.de\/#organization"},"potentialAction":[{"@type":"SearchAction","target":{"@type":"EntryPoint","urlTemplate":"https:\/\/skk1926.de\/?s={search_term_string}"},"query-input":"required name=search_term_string"}],"inLanguage":"de"},{"@type":"Organization","@id":"https:\/\/skk1926.de\/#organization","name":"SKK 1926 Helmbrechts","url":"https:\/\/skk1926.de\/","logo":{"@type":"ImageObject","inLanguage":"de","@id":"https:\/\/skk1926.de\/#\/schema\/logo\/image\/","url":"https:\/\/skk1926.de\/wp-content\/uploads\/2026\/01\/cropped-header_100yrs.png","contentUrl":"https:\/\/skk1926.de\/wp-content\/uploads\/2026\/01\/cropped-header_100yrs.png","width":1080,"height":175,"caption":"SKK 1926 Helmbrechts"},"image":{"@id":"https:\/\/skk1926.de\/#\/schema\/logo\/image\/"}}]}},"_links":{"self":[{"href":"https:\/\/skk1926.de\/index.php?rest_route=\/wp\/v2\/pages\/118","targetHints":{"allow":["GET"]}}],"collection":[{"href":"https:\/\/skk1926.de\/index.php?rest_route=\/wp\/v2\/pages"}],"about":[{"href":"https:\/\/skk1926.de\/index.php?rest_route=\/wp\/v2\/types\/page"}],"author":[{"embeddable":true,"href":"https:\/\/skk1926.de\/index.php?rest_route=\/wp\/v2\/users\/1"}],"replies":[{"embeddable":true,"href":"https:\/\/skk1926.de\/index.php?rest_route=%2Fwp%2Fv2%2Fcomments&post=118"}],"version-history":[{"count":28,"href":"https:\/\/skk1926.de\/index.php?rest_route=\/wp\/v2\/pages\/118\/revisions"}],"predecessor-version":[{"id":597,"href":"https:\/\/skk1926.de\/index.php?rest_route=\/wp\/v2\/pages\/118\/revisions\/597"}],"up":[{"embeddable":true,"href":"https:\/\/skk1926.de\/index.php?rest_route=\/wp\/v2\/pages\/106"}],"wp:attachment":[{"href":"https:\/\/skk1926.de\/index.php?rest_route=%2Fwp%2Fv2%2Fmedia&parent=118"}],"curies":[{"name":"wp","href":"https:\/\/api.w.org\/{rel}","templated":true}]}}