{"id":145,"date":"2016-08-03T01:07:39","date_gmt":"2016-08-02T23:07:39","guid":{"rendered":"http:\/\/188.68.59.5\/wordpress\/?page_id=145"},"modified":"2024-10-20T21:56:05","modified_gmt":"2024-10-20T19:56:05","slug":"werbepartner","status":"publish","type":"page","link":"https:\/\/skk1926.de\/?page_id=145","title":{"rendered":"Werbepartner"},"content":{"rendered":"<p>Ein gro\u00dfes herzliches Dankesch\u00f6n geht an usnere Gesch\u00e4ftswelt, die es uns mit ihrer gro\u00dfz\u00fcgigen Unterst\u00fctzung durch Anzeigen in unserem Vereinsheft erm\u00f6glicht, den enormen Kostenaufwand f\u00fcr einen geordneten Spielbetrieb zu decken. Wir bedanken uns hierf\u00fcr vielmals.<\/p>\n<ul class=\"ul1\">\n<li class=\"li2\"><span class=\"s3\">Oberfr\u00e4nkisches Textilmuseum<\/span><\/li>\n<li class=\"li2\"><span class=\"s3\">Autohaus Dornig GmbH &amp; Co. KG<\/span><\/li>\n<li class=\"li2\"><span class=\"s3\">Orient-Garden<\/span><\/li>\n<li class=\"li2\"><span class=\"s3\">Bettfedern W\u00e4scherei Eduard Hartmann<\/span><\/li>\n<li class=\"li2\"><span class=\"s3\">Licht- und Kraftwerke Helmbrechts<\/span><\/li>\n<li class=\"li2\"><span class=\"s3\">Kulmbacher Brauerei<\/span><\/li>\n<li class=\"li2\"><span class=\"s3\">Haarwerk by Sandra<\/span><\/li>\n<li class=\"li2\"><span class=\"s3\">Allianz Hauptvertretung Thomas Klaucke<\/span><\/li>\n<li class=\"li2\"><span class=\"s3\">Sport und Textil Strobel<\/span><\/li>\n<li class=\"li2\"><span class=\"s3\">Stadtcafe Helmbrechts<\/span><\/li>\n<li class=\"li2\"><span class=\"s3\">Kunststoff Helmbrechts AG<\/span><\/li>\n<li class=\"li2\"><span class=\"s3\">Pittroff Apotheke<\/span><\/li>\n<li class=\"li2\"><span class=\"s3\">Voila Cafebar &amp; Patisserie<\/span><\/li>\n<li class=\"li2\"><span class=\"s3\">Malerfachbetrieb Roland Menzel<\/span><\/li>\n<li class=\"li2\"><span class=\"s3\">WFG-Blass<\/span><\/li>\n<li class=\"li2\"><span class=\"s3\">Konditorei Caf\u00e9 Frey <\/span><\/li>\n<li class=\"li2\"><span class=\"s3\">Themann Elektro<\/span><\/li>\n<li class=\"li2\"><span class=\"s3\">Ingenieurb\u00fcro Albrecht<\/span><\/li>\n<li class=\"li2\"><span class=\"s3\">Sparkasse Hochfranken<\/span><\/li>\n<li class=\"li2\"><span class=\"s3\">Alexandra Wolf Rechtsanw\u00e4ltin<\/span><\/li>\n<li class=\"li2\"><span class=\"s3\">China-Restaurant Jade<\/span><\/li>\n<li class=\"li2\"><span class=\"s3\">Fahrschule Kneitz<\/span><\/li>\n<li class=\"li2\"><span class=\"s3\">Metzgerei &amp; Partyservice G\u00fcnther<\/span><\/li>\n<li class=\"li2\"><span class=\"s3\">Ausflugs-Gastst\u00e4tte Stricker<\/span><\/li>\n<li class=\"li2\"><span class=\"s3\">Pizzeria Ackerklause<\/span><\/li>\n<li class=\"li2\"><span class=\"s3\">Malerfachbetrieb Werner Frister<\/span><\/li>\n<li class=\"li2\"><span class=\"s3\">MyBody Fitness &amp; Gesundheit<\/span><\/li>\n<li class=\"li2\"><span class=\"s3\">Reha-Zentrum Helmbrechts<\/span><\/li>\n<li class=\"li2\"><span class=\"s3\">Gasthof Rossner<\/span><\/li>\n<li class=\"li2\"><span class=\"s3\">Baggerbetrieb &amp; Transporte Stefan Brummer<\/span><\/li>\n<li class=\"li2\"><span class=\"s3\">Daniel Sonnert Garten &amp; Landschaftsbau<\/span><\/li>\n<li class=\"li2\"><span class=\"s3\">Thomas H\u00fcttner Optik + Uhren-Service<\/span><\/li>\n<li class=\"li2\"><span class=\"s3\">M\u00fcnzer Haustechnik<\/span><\/li>\n<li class=\"li2\"><span class=\"s3\">Herrmann Becker Tiefbau und Transporte<\/span><\/li>\n<li class=\"li2\"><span class=\"s3\">Sell GmbH<\/span><\/li>\n<li class=\"li2\"><span class=\"s3\">Gastst\u00e4tte Birkenhof<\/span><\/li>\n<li class=\"li2\"><span class=\"s3\">Jeans Gluth<\/span><\/li>\n<li class=\"li2\"><span class=\"s3\">Konrad Kaufmann &#8211; Messer, Geschenkartikel und Haushaltswaren<\/span><\/li>\n<li class=\"li2\"><span class=\"s3\">Obi Baumarkt<\/span><\/li>\n<li class=\"li2\"><span class=\"s3\">Elektro Wilfert<\/span><\/li>\n<li class=\"li2\"><span class=\"s3\">Adler Apotheke M\u00fcnchberg<\/span><\/li>\n<li class=\"li2\"><span class=\"s3\">Transportunternehmen H. J. Baderschneider<\/span><\/li>\n<li class=\"li2\"><span class=\"s3\">Ristorante-Pizzeria Astoria<\/span><\/li>\n<li class=\"li2\"><span class=\"s3\">Reinhard M\u00fcller Landschafts- und Sportplatzpflege<\/span><\/li>\n<li class=\"li2\"><span class=\"s3\">Bad Brambacher<\/span><\/li>\n<li class=\"li2\"><span class=\"s3\">J. Eckstein Dachdeckerei &amp; Dachklemptnerei<\/span><\/li>\n<li class=\"li2\"><span class=\"s3\">Reifen Wagner<\/span><\/li>\n<li class=\"li2\"><span class=\"s3\">Autohaus Rohde<\/span><\/li>\n<li class=\"li2\"><span class=\"s3\">Schramm Informationstechnik<\/span><\/li>\n<li class=\"li2\"><span class=\"s3\">Improtex<\/span><\/li>\n<li class=\"li2\"><span class=\"s3\">Korzendorfer Feuerschutz<\/span><\/li>\n<li class=\"li2\"><span class=\"s3\">Autohaus Fischer<\/span><\/li>\n<li class=\"li2\"><span class=\"s3\">Gebr\u00fcder Kaiser GmbH &amp; Co. KG Schreinerei<\/span><\/li>\n<li class=\"li2\"><span class=\"s3\">Karl Funk GmbH &amp; Co.<\/span><\/li>\n<li class=\"li2\"><span class=\"s3\">Automaten Dressel<\/span><\/li>\n<li class=\"li2\"><span class=\"s3\">LEAD Intelligent Equipment (Deutschland) GmbH<\/span><\/li>\n<\/ul>\n","protected":false},"excerpt":{"rendered":"<div class=\"mh-excerpt\">\n<div class=\"mh-excerpt\">Ein gro\u00dfes herzliches Dankesch\u00f6n geht an usnere Gesch\u00e4ftswelt, die es uns mit ihrer gro\u00dfz\u00fcgigen Unterst\u00fctzung durch Anzeigen in unserem Vereinsheft erm\u00f6glicht, den enormen Kostenaufwand f\u00fcr einen geordneten Spielbetrieb zu decken. <a class=\"mh-excerpt-more\" href=\"https:\/\/skk1926.de\/?page_id=145\" title=\"Werbepartner\">[Weiterlesen&#8230;]<\/a><\/div>\n<\/div>\n","protected":false},"author":1,"featured_media":0,"parent":0,"menu_order":0,"comment_status":"closed","ping_status":"closed","template":"","meta":{"footnotes":""},"class_list":["post-145","page","type-page","status-publish","hentry"],"yoast_head":"<!-- This site is optimized with the Yoast SEO plugin v20.4 - https:\/\/yoast.com\/wordpress\/plugins\/seo\/ -->\n<title>Werbepartner - SKK 1926 Helmbrechts<\/title>\n<meta name=\"robots\" content=\"index, follow, max-snippet:-1, max-image-preview:large, max-video-preview:-1\" \/>\n<link rel=\"canonical\" href=\"https:\/\/skk1926.de\/?page_id=145\" \/>\n<meta property=\"og:locale\" content=\"de_DE\" \/>\n<meta property=\"og:type\" content=\"article\" \/>\n<meta property=\"og:title\" content=\"Werbepartner - SKK 1926 Helmbrechts\" \/>\n<meta property=\"og:description\" content=\"Ein gro\u00dfes herzliches Dankesch\u00f6n geht an usnere Gesch\u00e4ftswelt, die es uns mit ihrer gro\u00dfz\u00fcgigen Unterst\u00fctzung durch Anzeigen in unserem Vereinsheft erm\u00f6glicht, den enormen Kostenaufwand f\u00fcr einen geordneten Spielbetrieb zu decken. [Weiterlesen...]\" \/>\n<meta property=\"og:url\" content=\"https:\/\/skk1926.de\/?page_id=145\" \/>\n<meta property=\"og:site_name\" content=\"SKK 1926 Helmbrechts\" \/>\n<meta property=\"article:modified_time\" content=\"2024-10-20T19:56:05+00:00\" \/>\n<meta name=\"twitter:card\" content=\"summary_large_image\" \/>\n<meta name=\"twitter:label1\" content=\"Gesch\u00e4tzte Lesezeit\" \/>\n\t<meta name=\"twitter:data1\" content=\"2\u00a0Minuten\" \/>\n<script type=\"application\/ld+json\" class=\"yoast-schema-graph\">{\"@context\":\"https:\/\/schema.org\",\"@graph\":[{\"@type\":\"WebPage\",\"@id\":\"https:\/\/skk1926.de\/?page_id=145\",\"url\":\"https:\/\/skk1926.de\/?page_id=145\",\"name\":\"Werbepartner - SKK 1926 Helmbrechts\",\"isPartOf\":{\"@id\":\"https:\/\/skk1926.de\/#website\"},\"datePublished\":\"2016-08-02T23:07:39+00:00\",\"dateModified\":\"2024-10-20T19:56:05+00:00\",\"breadcrumb\":{\"@id\":\"https:\/\/skk1926.de\/?page_id=145#breadcrumb\"},\"inLanguage\":\"de\",\"potentialAction\":[{\"@type\":\"ReadAction\",\"target\":[\"https:\/\/skk1926.de\/?page_id=145\"]}]},{\"@type\":\"BreadcrumbList\",\"@id\":\"https:\/\/skk1926.de\/?page_id=145#breadcrumb\",\"itemListElement\":[{\"@type\":\"ListItem\",\"position\":1,\"name\":\"Startseite\",\"item\":\"https:\/\/skk1926.de\/\"},{\"@type\":\"ListItem\",\"position\":2,\"name\":\"Werbepartner\"}]},{\"@type\":\"WebSite\",\"@id\":\"https:\/\/skk1926.de\/#website\",\"url\":\"https:\/\/skk1926.de\/\",\"name\":\"SKK 1926 Helmbrechts\",\"description\":\"\",\"publisher\":{\"@id\":\"https:\/\/skk1926.de\/#organization\"},\"potentialAction\":[{\"@type\":\"SearchAction\",\"target\":{\"@type\":\"EntryPoint\",\"urlTemplate\":\"https:\/\/skk1926.de\/?s={search_term_string}\"},\"query-input\":\"required name=search_term_string\"}],\"inLanguage\":\"de\"},{\"@type\":\"Organization\",\"@id\":\"https:\/\/skk1926.de\/#organization\",\"name\":\"SKK 1926 Helmbrechts\",\"url\":\"https:\/\/skk1926.de\/\",\"logo\":{\"@type\":\"ImageObject\",\"inLanguage\":\"de\",\"@id\":\"https:\/\/skk1926.de\/#\/schema\/logo\/image\/\",\"url\":\"https:\/\/skk1926.de\/wp-content\/uploads\/2026\/01\/cropped-header_100yrs.png\",\"contentUrl\":\"https:\/\/skk1926.de\/wp-content\/uploads\/2026\/01\/cropped-header_100yrs.png\",\"width\":1080,\"height\":175,\"caption\":\"SKK 1926 Helmbrechts\"},\"image\":{\"@id\":\"https:\/\/skk1926.de\/#\/schema\/logo\/image\/\"}}]}<\/script>\n<!-- \/ Yoast SEO plugin. -->","yoast_head_json":{"title":"Werbepartner - SKK 1926 Helmbrechts","robots":{"index":"index","follow":"follow","max-snippet":"max-snippet:-1","max-image-preview":"max-image-preview:large","max-video-preview":"max-video-preview:-1"},"canonical":"https:\/\/skk1926.de\/?page_id=145","og_locale":"de_DE","og_type":"article","og_title":"Werbepartner - SKK 1926 Helmbrechts","og_description":"Ein gro\u00dfes herzliches Dankesch\u00f6n geht an usnere Gesch\u00e4ftswelt, die es uns mit ihrer gro\u00dfz\u00fcgigen Unterst\u00fctzung durch Anzeigen in unserem Vereinsheft erm\u00f6glicht, den enormen Kostenaufwand f\u00fcr einen geordneten Spielbetrieb zu decken. [Weiterlesen...]","og_url":"https:\/\/skk1926.de\/?page_id=145","og_site_name":"SKK 1926 Helmbrechts","article_modified_time":"2024-10-20T19:56:05+00:00","twitter_card":"summary_large_image","twitter_misc":{"Gesch\u00e4tzte Lesezeit":"2\u00a0Minuten"},"schema":{"@context":"https:\/\/schema.org","@graph":[{"@type":"WebPage","@id":"https:\/\/skk1926.de\/?page_id=145","url":"https:\/\/skk1926.de\/?page_id=145","name":"Werbepartner - SKK 1926 Helmbrechts","isPartOf":{"@id":"https:\/\/skk1926.de\/#website"},"datePublished":"2016-08-02T23:07:39+00:00","dateModified":"2024-10-20T19:56:05+00:00","breadcrumb":{"@id":"https:\/\/skk1926.de\/?page_id=145#breadcrumb"},"inLanguage":"de","potentialAction":[{"@type":"ReadAction","target":["https:\/\/skk1926.de\/?page_id=145"]}]},{"@type":"BreadcrumbList","@id":"https:\/\/skk1926.de\/?page_id=145#breadcrumb","itemListElement":[{"@type":"ListItem","position":1,"name":"Startseite","item":"https:\/\/skk1926.de\/"},{"@type":"ListItem","position":2,"name":"Werbepartner"}]},{"@type":"WebSite","@id":"https:\/\/skk1926.de\/#website","url":"https:\/\/skk1926.de\/","name":"SKK 1926 Helmbrechts","description":"","publisher":{"@id":"https:\/\/skk1926.de\/#organization"},"potentialAction":[{"@type":"SearchAction","target":{"@type":"EntryPoint","urlTemplate":"https:\/\/skk1926.de\/?s={search_term_string}"},"query-input":"required name=search_term_string"}],"inLanguage":"de"},{"@type":"Organization","@id":"https:\/\/skk1926.de\/#organization","name":"SKK 1926 Helmbrechts","url":"https:\/\/skk1926.de\/","logo":{"@type":"ImageObject","inLanguage":"de","@id":"https:\/\/skk1926.de\/#\/schema\/logo\/image\/","url":"https:\/\/skk1926.de\/wp-content\/uploads\/2026\/01\/cropped-header_100yrs.png","contentUrl":"https:\/\/skk1926.de\/wp-content\/uploads\/2026\/01\/cropped-header_100yrs.png","width":1080,"height":175,"caption":"SKK 1926 Helmbrechts"},"image":{"@id":"https:\/\/skk1926.de\/#\/schema\/logo\/image\/"}}]}},"_links":{"self":[{"href":"https:\/\/skk1926.de\/index.php?rest_route=\/wp\/v2\/pages\/145","targetHints":{"allow":["GET"]}}],"collection":[{"href":"https:\/\/skk1926.de\/index.php?rest_route=\/wp\/v2\/pages"}],"about":[{"href":"https:\/\/skk1926.de\/index.php?rest_route=\/wp\/v2\/types\/page"}],"author":[{"embeddable":true,"href":"https:\/\/skk1926.de\/index.php?rest_route=\/wp\/v2\/users\/1"}],"replies":[{"embeddable":true,"href":"https:\/\/skk1926.de\/index.php?rest_route=%2Fwp%2Fv2%2Fcomments&post=145"}],"version-history":[{"count":9,"href":"https:\/\/skk1926.de\/index.php?rest_route=\/wp\/v2\/pages\/145\/revisions"}],"predecessor-version":[{"id":4435,"href":"https:\/\/skk1926.de\/index.php?rest_route=\/wp\/v2\/pages\/145\/revisions\/4435"}],"wp:attachment":[{"href":"https:\/\/skk1926.de\/index.php?rest_route=%2Fwp%2Fv2%2Fmedia&parent=145"}],"curies":[{"name":"wp","href":"https:\/\/api.w.org\/{rel}","templated":true}]}}